{"id":288,"date":"2023-03-06T12:04:50","date_gmt":"2023-03-06T12:04:50","guid":{"rendered":"https:\/\/blog.metu.edu.tr\/akyart\/?page_id=288"},"modified":"2024-12-07T23:22:56","modified_gmt":"2024-12-07T20:22:56","slug":"mgags","status":"publish","type":"page","link":"https:\/\/blog.metu.edu.tr\/akyart\/mgags\/","title":{"rendered":"METU Graduate Algebraic Geometry Seminar"},"content":{"rendered":"\n<p><strong>10.  08.06.2023, 10:40, G\u00fcnd\u00fcz \u0130keda Seminar Room<\/strong><\/p>\n\n\n\n<p><mark style=\"background-color:#ffffff\" class=\"has-inline-color has-vivid-red-color\">Speaker:<\/mark> Rabia G\u00fcl\u015fah Uysal<\/p>\n\n\n\n<p><mark style=\"background-color:#ffffff\" class=\"has-inline-color has-vivid-red-color\">Title:<\/mark> Wiman&#8217;s Sextic<\/p>\n\n\n\n<p><mark style=\"background-color:#ffffff\" class=\"has-inline-color has-vivid-red-color\">Abstract<\/mark><mark style=\"background-color:#ffffff\" class=\"has-inline-color\">:<\/mark> <a href=\"https:\/\/blog.metu.edu.tr\/akyart\/files\/2023\/06\/08.06.23.pdf\">Link<\/a><\/p>\n\n\n\n<p><strong>9.  18.05.2023, 10:40, G\u00fcnd\u00fcz \u0130keda Seminar Room<\/strong><\/p>\n\n\n\n<p><mark style=\"background-color:#ffffff\" class=\"has-inline-color has-vivid-red-color\">Speaker:<\/mark> Kadri \u0130lker Berktav<\/p>\n\n\n\n<p><mark style=\"background-color:#ffffff\" class=\"has-inline-color has-vivid-red-color\">Title:<\/mark> <strong>Geometric&nbsp;structures as stacks and geometric field theories<\/strong><\/p>\n\n\n\n<p><mark style=\"background-color:#ffffff\" class=\"has-inline-color has-vivid-red-color\">Abstract<\/mark><mark style=\"background-color:#ffffff\" class=\"has-inline-color\">:<\/mark> In this talk, we outline&nbsp;a general framework for geometric field theories formulated by Ludewig and Stoffel. In brief, functorial field theories (FFTs) can be formalized&nbsp;as certain functors from an appropriate bordism category Bord to a suitable target category.&nbsp; Atiyah&#8217;s topological field theories and Segal&#8217;s conformal field theories are the two important examples of such formulation. Given an FFT, one can also require the source category to endow with a &#8221;geometric structure&#8221;. Of course, the meaning of &#8221;geometry&#8221; must be clarified in this new context. To introduce geometric field theories in an appropriate&nbsp;way, therefore, we first explain how to define &#8221;geometries&#8221; using the language of stacks, and then we provide the so-called geometric bordism category GBord. Finally, we give the definition of a geometric field theory as a suitable&nbsp;functor on GBord.&nbsp;&nbsp;<\/p>\n\n\n\n<p><strong>8.  11.05.2023, 10:40, G\u00fcnd\u00fcz \u0130keda Seminar Room<\/strong><\/p>\n\n\n\n<p><mark style=\"background-color:#ffffff\" class=\"has-inline-color has-vivid-red-color\">Speaker:<\/mark> Ahmed Uzun<\/p>\n\n\n\n<p><mark style=\"background-color:#ffffff\" class=\"has-inline-color has-vivid-red-color\">Title:<\/mark> General introduction to K3 surfaces<\/p>\n\n\n\n<p><mark style=\"background-color:#ffffff\" class=\"has-inline-color\"><mark style=\"background-color:#ffffff\" class=\"has-inline-color has-vivid-red-color\">Abstract<\/mark><mark style=\"background-color:#ffffff\" class=\"has-inline-color\">:<\/mark> <\/mark><a href=\"https:\/\/blog.metu.edu.tr\/akyart\/files\/2023\/05\/11.05.23.pdf\">Link<\/a><\/p>\n\n\n\n<p><strong>7.  04.05.2023, 10:40, G\u00fcnd\u00fcz \u0130keda Seminar Room<\/strong><\/p>\n\n\n\n<p><mark style=\"background-color:#ffffff\" class=\"has-inline-color has-vivid-red-color\">Speaker:<\/mark> An\u0131l Berkcan T\u00fcrker<\/p>\n\n\n\n<p><mark style=\"background-color:#ffffff\" class=\"has-inline-color has-vivid-red-color\">Title:<\/mark> Path to the Quiver varieties &#8211; III<\/p>\n\n\n\n<p><strong>6.  27.04.2023, 10:40, G\u00fcnd\u00fcz \u0130keda Seminar Room<\/strong><\/p>\n\n\n\n<p><mark style=\"background-color:#ffffff\" class=\"has-inline-color has-vivid-red-color\">Speaker:<\/mark> An\u0131l Berkcan T\u00fcrker<\/p>\n\n\n\n<p><mark style=\"background-color:#ffffff\" class=\"has-inline-color has-vivid-red-color\">Title:<\/mark> Path to the Quiver varieties &#8211; II<\/p>\n\n\n\n<p><strong>5.  13.04.2023, 10:40, G\u00fcnd\u00fcz \u0130keda Seminar Room<\/strong><\/p>\n\n\n\n<p><mark style=\"background-color:#ffffff\" class=\"has-inline-color has-vivid-red-color\">Speaker:<\/mark> Batuhan Kaynak Acar<\/p>\n\n\n\n<p><mark style=\"background-color:#ffffff\" class=\"has-inline-color has-vivid-red-color\">Title:<\/mark> Continuation of his previous talk<\/p>\n\n\n\n<p><strong>4.  06.04.2023, 10:40, G\u00fcnd\u00fcz \u0130keda Seminar Room<\/strong><\/p>\n\n\n\n<p><mark style=\"background-color:#ffffff\" class=\"has-inline-color has-vivid-red-color\">Speaker:<\/mark> An\u0131l Berkcan T\u00fcrker<\/p>\n\n\n\n<p><mark style=\"background-color:#ffffff\" class=\"has-inline-color has-vivid-red-color\">Title:<\/mark> Path to the Quiver varieties<\/p>\n\n\n\n<p><mark style=\"background-color:#ffffff\" class=\"has-inline-color has-vivid-red-color\">Abstract<\/mark><mark style=\"background-color:#ffffff\" class=\"has-inline-color\">:<\/mark> This talk will be the first part of the path to the quiver varieties. In which we will introduce the idea of quiver, path algebras and will be loosely speaking about itself and the idea of representations of quivers. As a motivation: if life permits I will be talking about group actions on quivers, hall algebras, geometric invariant theory, and quiver varieties in upcoming talks.<\/p>\n\n\n\n<p><strong>3.  30.03.2023, 10:40, G\u00fcnd\u00fcz \u0130keda Seminar Room<\/strong><\/p>\n\n\n\n<p><mark style=\"background-color:#ffffff\" class=\"has-inline-color has-vivid-red-color\">Speaker:<\/mark> Turgay Akyar<\/p>\n\n\n\n<p><mark style=\"background-color:#ffffff\" class=\"has-inline-color has-vivid-red-color\">Title:<\/mark> Hilbert&#8217;s Sixteenth Problem<\/p>\n\n\n\n<p><mark style=\"background-color:#ffffff\" class=\"has-inline-color has-vivid-red-color\">Abstract<\/mark><mark style=\"background-color:#ffffff\" class=\"has-inline-color\">:<\/mark> In this talk we will give some basic facts about nonsingular real algebraic curves and introduce Hilbert\u2019s sixteenth problem. Then we will complete the talk with its connection to the patchworking of real algebraic curves given by Oleg Viro.<\/p>\n\n\n\n<p><strong>2.  23.03.2023, 10:40, G\u00fcnd\u00fcz \u0130keda Seminar Room<\/strong><\/p>\n\n\n\n<p><mark style=\"background-color:#ffffff\" class=\"has-inline-color has-vivid-red-color\">Speaker:<\/mark> Batuhan Kaynak Acar<\/p>\n\n\n\n<p><mark style=\"background-color:#ffffff\" class=\"has-inline-color has-vivid-red-color\">Title:<\/mark> Introduction to Atiyah-Singer Index Theorem<\/p>\n\n\n\n<p><mark style=\"background-color:#ffffff\" class=\"has-inline-color has-vivid-red-color\">Abstract<\/mark><mark style=\"background-color:#ffffff\" class=\"has-inline-color\">:<\/mark> <a href=\"https:\/\/blog.metu.edu.tr\/akyart\/files\/2023\/03\/23.03.2023.pdf\">Link<\/a><\/p>\n\n\n\n<p><strong>1.  16.03.2023, 10:40, G\u00fcnd\u00fcz \u0130keda Seminar Room<\/strong><\/p>\n\n\n\n<p><mark style=\"background-color:#ffffff\" class=\"has-inline-color has-vivid-red-color\">Speaker:<\/mark> Ahmed Uzun<\/p>\n\n\n\n<p><mark style=\"background-color:#ffffff\" class=\"has-inline-color has-vivid-red-color\">Title:<\/mark> Viro\u2019s Patchworking Method<\/p>\n\n\n\n<p><mark style=\"background-color:#ffffff\" class=\"has-inline-color has-vivid-red-color\">Abstract<\/mark><mark style=\"background-color:#ffffff\" class=\"has-inline-color\">:<\/mark> <a href=\"https:\/\/blog.metu.edu.tr\/akyart\/files\/2023\/03\/16.03.23.pdf\">Link<\/a><\/p>\n\n\n\n<p><\/p>\n\n\n\n<p><\/p>\n","protected":false},"excerpt":{"rendered":"<p>10. 08.06.2023, 10:40, G\u00fcnd\u00fcz \u0130keda Seminar Room Speaker: Rabia G\u00fcl\u015fah Uysal Title: Wiman&#8217;s Sextic Abstract: Link 9. 18.05.2023, 10:40, G\u00fcnd\u00fcz \u0130keda Seminar Room Speaker: Kadri \u0130lker Berktav Title: Geometric&nbsp;structures as stacks and geometric field theories Abstract: In this talk, we outline&nbsp;a general framework for geometric field theories formulated by Ludewig and Stoffel. In brief, functorial [&hellip;]<\/p>\n","protected":false},"author":5234,"featured_media":0,"parent":0,"menu_order":0,"comment_status":"closed","ping_status":"closed","template":"","meta":{"footnotes":"","_links_to":"","_links_to_target":""},"class_list":["post-288","page","type-page","status-publish","hentry"],"_links":{"self":[{"href":"https:\/\/blog.metu.edu.tr\/akyart\/wp-json\/wp\/v2\/pages\/288","targetHints":{"allow":["GET"]}}],"collection":[{"href":"https:\/\/blog.metu.edu.tr\/akyart\/wp-json\/wp\/v2\/pages"}],"about":[{"href":"https:\/\/blog.metu.edu.tr\/akyart\/wp-json\/wp\/v2\/types\/page"}],"author":[{"embeddable":true,"href":"https:\/\/blog.metu.edu.tr\/akyart\/wp-json\/wp\/v2\/users\/5234"}],"replies":[{"embeddable":true,"href":"https:\/\/blog.metu.edu.tr\/akyart\/wp-json\/wp\/v2\/comments?post=288"}],"version-history":[{"count":0,"href":"https:\/\/blog.metu.edu.tr\/akyart\/wp-json\/wp\/v2\/pages\/288\/revisions"}],"wp:attachment":[{"href":"https:\/\/blog.metu.edu.tr\/akyart\/wp-json\/wp\/v2\/media?parent=288"}],"curies":[{"name":"wp","href":"https:\/\/api.w.org\/{rel}","templated":true}]}}