{"id":14,"date":"2018-03-20T14:37:13","date_gmt":"2018-03-20T14:37:13","guid":{"rendered":"http:\/\/blog.metu.edu.tr\/akkok\/?page_id=14"},"modified":"2018-03-20T14:37:13","modified_gmt":"2018-03-20T14:37:13","slug":"publications","status":"publish","type":"page","link":"https:\/\/blog.metu.edu.tr\/akkok\/publications\/","title":{"rendered":"Publications"},"content":{"rendered":"<p><strong>My publications<\/strong><\/p>\n\n<table id=\"tablepress-3\" class=\"tablepress tablepress-id-3\">\n<tbody class=\"row-striping row-hover\">\n<tr class=\"row-1\">\n\t<td class=\"column-1\">1<\/td><td class=\"column-2\">AKK\u00d6K, M., \"Investigation of the Effect of Void Fraction on Flow-Boiling Heat Transfer Coefficient in Vertically Upward Flow\", M.Sc. Thesis, METU(1), Dec. 1975.<\/td>\n<\/tr>\n<tr class=\"row-2\">\n\t<td class=\"column-1\">2<\/td><td class=\"column-2\">YE\u015e\u0130N, O. and AKK\u00d6K, M., \"Determination of the Heat Transfer Coefficient in Single-Component Two-Phase Flow\", T\u00dcB\u0130TAK(2) VI. Science Congress, Oct. 1977, p.549-559, (in Turkish).<\/td>\n<\/tr>\n<tr class=\"row-3\">\n\t<td class=\"column-1\">3<\/td><td class=\"column-2\">YE\u015e\u0130N, O. and AKK\u00d6K, M., \"Variation of the Heat Transfer Coefficient with Void Fraction in Single-Component Two-Phase Flow\", T\u00dcB\u0130TAK, Heat Technique Research Unit, ISITEK No.24, March 1980, (in Turkish).<\/td>\n<\/tr>\n<tr class=\"row-4\">\n\t<td class=\"column-1\">4<\/td><td class=\"column-2\">\u201dTHE EFFECT OF GROOVING AND BORE SHAPE ON THE STABILITY OF JOURNAL BEARINGS\u201d ASLE TRANSACTIONS, V.23, No.4, p.431-441, 1980.  DOI: 10.1080\/05698198008982988<\/td>\n<\/tr>\n<tr class=\"row-5\">\n\t<td class=\"column-1\">5<\/td><td class=\"column-2\">AKK\u00d6K, M. and ETTLES, C., \"The Effect of Load on Feed Pressure on Whirl in a Grooved Journal Bearing\", ASLE(3) Trans., V.23, No.2, p.175-184, 1980.<\/td>\n<\/tr>\n<tr class=\"row-6\">\n\t<td class=\"column-1\">6<\/td><td class=\"column-2\">ETTLES, C., AKK\u00d6K, M., CAMERON, A., \"Inverse Hydrodynamic Methods Applied to Mr. Beauchamp Tower's Experiments of 1885\", Trans. ASME(4), Jour. of Lubrication Technology, V.102, No.2, p.172-181, 1980.  DOI: 10.1115\/1.3251462<\/td>\n<\/tr>\n<tr class=\"row-7\">\n\t<td class=\"column-1\">7<\/td><td class=\"column-2\">AKK\u00d6K, M., \"Dynamic Characteristics of Turbine Journal Bearings\", Ph.D. Thesis, University of London, Imperial College of Science and Technology, 1980.<\/td>\n<\/tr>\n<tr class=\"row-8\">\n\t<td class=\"column-1\">8<\/td><td class=\"column-2\">AKK\u00d6K, M. and ETTLES, C., \"The Effect of Grooving and Bore Shape on the Stability of Journal Bearings\", ASLE Trans., V.23, No.4, p.431-441, 1980.<\/td>\n<\/tr>\n<tr class=\"row-9\">\n\t<td class=\"column-1\">9<\/td><td class=\"column-2\">AKK\u00d6K, M. et al., \"Design of a Trass Rotary Dryer and Hot Gas Generator for Cement Industry\", METU-MAT\u0130MAREN(5), Project Report, Nov. 1980, (in Turkish).<\/td>\n<\/tr>\n<tr class=\"row-10\">\n\t<td class=\"column-1\">10<\/td><td class=\"column-2\">AKK\u00d6K, M., et al., \"Design of a Pyrite Roasting Rotary Kiln for Paper Industry\", METU-MAT\u0130MAREN, Project Report, April 1981, (in Turkish).<\/td>\n<\/tr>\n<tr class=\"row-11\">\n\t<td class=\"column-1\">11<\/td><td class=\"column-2\">AKK\u00d6K, M., \"An Experimental Method for the Determination of Journal Bearings Coefficients\", Symposium on \"Problems in Bearings and Lubrication\", AGARD-CP-323, 31 May - 3 June 1982.<\/td>\n<\/tr>\n<tr class=\"row-12\">\n\t<td class=\"column-1\">12<\/td><td class=\"column-2\">AKK\u00d6K, M. and ETTLES, C., \"The Onset of Whirl Instability in Journal Bearings of Various Bore Shapes and Groove Sizes\", Trans. ASME, Jour. of Lubrication Technology, V.105, No.3, p.342-352, 1983. DOI: 10.1115\/1.3254607<\/td>\n<\/tr>\n<tr class=\"row-13\">\n\t<td class=\"column-1\">13<\/td><td class=\"column-2\">AKK\u00d6K, M., et al., \"A System Design for a Pulverized Coal Plant\", Engineer and Machine (A Publication of the Turkish Chamber of Mechanical Engineers), V.24, No.282, April 1983, (in Turkish).<\/td>\n<\/tr>\n<tr class=\"row-14\">\n\t<td class=\"column-1\">14<\/td><td class=\"column-2\">AKK\u00d6K, M., et al., \"Mechanical Design of Waste Water Treatment Unit of G\u00f6lba\u015f\u0131 Social Settlement Area of Turkish Electricity Authority\", METU-MAT\u0130MAREN, Project Report, May 1984, (in Turkish).<\/td>\n<\/tr>\n<tr class=\"row-15\">\n\t<td class=\"column-1\">15<\/td><td class=\"column-2\">AKK\u00d6K, M. and ETTLES, C., \"Journal Bearing Response to Excitation and Behavior in the Unstable Region\", ASLE Trans., V.27, No.4, p.341-351, 1984. DOI: 10.1080\/05698198408981579<\/td>\n<\/tr>\n<tr class=\"row-16\">\n\t<td class=\"column-1\">16<\/td><td class=\"column-2\">AKK\u00d6K, M., et al., \"Reorganization of Materials Handling Equipment in Machine and Chemical Industries Corp. Ankara Plant\", METU-MAT\u0130MAREN, Project Report, Dec. 1983, (in Turkish).<\/td>\n<\/tr>\n<tr class=\"row-17\">\n\t<td class=\"column-1\">17<\/td><td class=\"column-2\">AKK\u00d6K, M., et al., \"1st National Machine Design and Production Conference\", Member of the Organizing Committee and the Editorial Board of the Conference Proceedings, Sept. 1984, (in Turkish).<\/td>\n<\/tr>\n<tr class=\"row-18\">\n\t<td class=\"column-1\">18<\/td><td class=\"column-2\">AKK\u00d6K, M., HARDIE, C.E., GERO, L.R. and ETTLES, C., \"A Comparison of Three Numerical Methods Used to Solve the High Bearing Number Reynolds Equation\", ASLE Special Publication, \"Tribology and Mechanics of Magnetic Storage Systems\", SP-21, 1986.<\/td>\n<\/tr>\n<tr class=\"row-19\">\n\t<td class=\"column-1\">19<\/td><td class=\"column-2\">AKK\u00d6K, M., \"Determination of Kinetic Coefficient of Friction under Severe Loading Conditions\", Jour. of Mechanical Design and Production, V.1, No.1, p.25-30, 1986, (in Turkish).<\/td>\n<\/tr>\n<tr class=\"row-20\">\n\t<td class=\"column-1\">20<\/td><td class=\"column-2\">AKK\u00d6K, M., et al., \"2nd National Machine Design and Production Conference\", Member of the Organizing Committee and the Editorial Board of the Conference Proceedings, Sept. 1986, (in Turkish).<\/td>\n<\/tr>\n<tr class=\"row-21\">\n\t<td class=\"column-1\">21<\/td><td class=\"column-2\">AKK\u00d6K, M., \"Viscosity Classification Systems\", Jour. of Mechanical Design and Production, V.1, No.2, p.97-99, 1987, (in Turkish).<\/td>\n<\/tr>\n<tr class=\"row-22\">\n\t<td class=\"column-1\">22<\/td><td class=\"column-2\">AKK\u00d6K, M., \"Stability Analysis of Journal Bearings\", Jour. of Mechanical Design and Production, V.1, No.4, p.187-191, 1987, (in Turkish).<\/td>\n<\/tr>\n<tr class=\"row-23\">\n\t<td class=\"column-1\">23<\/td><td class=\"column-2\">AKK\u00d6K, M., ETTLES, C. and CALABRESE, S.J., \"Parameters Affecting the Kinetic Friction of Ice\", Trans. ASME, Jour. of Tribology, V.109, No.3, p.552-561, 1987. DOI: 10.1115\/1.3261503<\/td>\n<\/tr>\n<tr class=\"row-24\">\n\t<td class=\"column-1\">24<\/td><td class=\"column-2\">AKK\u00d6K, M., et al., \"The Feasibility Study and Preliminary Design of the MKEK Computer Network System\", METU-MAT\u0130MAREN, Project Report, July 1987, (in Turkish).<\/td>\n<\/tr>\n<tr class=\"row-25\">\n\t<td class=\"column-1\">25<\/td><td class=\"column-2\">AKK\u00d6K, M., et al., \"3rd National Machine Design and Production Conference\", Member of the Organizing Committee and the Editorial Board of the Conference Proceedings, Sept. 1988, (in Turkish).<\/td>\n<\/tr>\n<tr class=\"row-26\">\n\t<td class=\"column-1\">26<\/td><td class=\"column-2\">KARAKURT, C., AKK\u00d6K, M., \u00c7ALI\u015eKAN, M., \"Bearing Diagnostic Methods\", 3rd National Symposium on Theory of Machines, Oct. 12-14, 1988, p.338-355, (in Turkish).<\/td>\n<\/tr>\n<tr class=\"row-27\">\n\t<td class=\"column-1\">27<\/td><td class=\"column-2\">DE\u011e\u0130RMENC\u0130, U., AKK\u00d6K, M., \u00c7ALI\u015eKAN, M., \"The Effect of Oil Filled Bolster on Textile Spindle Dynamics\", 3rd Inter. Conference on Rotordynamics, Sept. 10-12, 1990, Lyon, France, p.383-387.<\/td>\n<\/tr>\n<tr class=\"row-28\">\n\t<td class=\"column-1\">28<\/td><td class=\"column-2\">KARAKURT, C., AKK\u00d6K, M., \u00c7ALI\u015eKAN, M., \"Rolling Element Bearing Diagnostics via Digital Signal Processing\", 4th National Machine Design and Production Conference, Sept. 19-21, 1990, p.517-526, (in Turkish).<\/td>\n<\/tr>\n<tr class=\"row-29\">\n\t<td class=\"column-1\">29<\/td><td class=\"column-2\">ESK\u0130C\u0130O\u011eLU, H., AKK\u00d6K, M. YILDIZ, \u00d6. H., \"Computer Aided Selection of Machine Tool Spindle Bearing Arrangements\", Analysis, Synthesis, and Applications, ASME Pet. Div. Publ. PD, v. 64, n. 8-1, p. 181-187, 1994,  Proceedings of the 2nd Biennial European Joint Conference on Engineering Systems Design and Analysis , Part 8-A, London, England, July 4-7, 1994.<\/td>\n<\/tr>\n<tr class=\"row-30\">\n\t<td class=\"column-1\">30<\/td><td class=\"column-2\">\"Reorganization of Fire and Rescue Services of the Municipality of Greater Ankara in the Years 2000\", MAT\u0130MAREN, METU, Project report, Sponsored by the Municipality of Greater Ankara, 1990.<\/td>\n<\/tr>\n<tr class=\"row-31\">\n\t<td class=\"column-1\">31<\/td><td class=\"column-2\">AKK\u00d6K, M, ESK\u0130C\u0130O\u011eLU, H., YILDIRIM, O., \"Inspection and Testing of Conveyor Band Rollers\", MAT\u0130MAREN, METU, Project report, Sponsored by the Turkish Electricity Authority, Ankara, 1993.<\/td>\n<\/tr>\n<tr class=\"row-32\">\n\t<td class=\"column-1\">32<\/td><td class=\"column-2\">\u00c7OLAKO\u011eLU, A., AKK\u00d6K, M., YILDIRIM, O., \u201dElastic Stress Wave Propagation Through Ring Chains\u201d, 7th National Machine Design and Production Conference, Sept. 11-13, 1996, p.295-304<\/td>\n<\/tr>\n<tr class=\"row-33\">\n\t<td class=\"column-1\">33<\/td><td class=\"column-2\">AKK\u00d6K, M., KILI\u00c7, E., \u201cPreliminary Design of a Machine Tool for Machining Gear Box Housing\u201d, MAT\u0130MAREN, METU, Project report, Sponsored by the Turkish Tractor Factory, Ankara, 1996.<\/td>\n<\/tr>\n<tr class=\"row-34\">\n\t<td class=\"column-1\">34<\/td><td class=\"column-2\">\u015eENALP, A.Z., G\u00d6KLER, M.\u0130., AKK\u00d6K, M., \u201cAn Overview on the Shape Control in Strip Rolling\u201d, 7th National Machine Design and Production Conference, Sept. 11-13, 1996, p.419-431.<\/td>\n<\/tr>\n<tr class=\"row-35\">\n\t<td class=\"column-1\">35<\/td><td class=\"column-2\">\u015eENALP, A.Z., G\u00d6KLER, M.\u0130., AKK\u00d6K, M., \u201cComputerized Analysis of Parameters Affecting Shape and Thickness in Cold Rolling of Strip for Soft Materials\u201d, JSME Inter. Jour., Series C, V.40, No:1, 1997, p.170-179.  DOI: 10.1299\/jsmec1993.40.170<\/td>\n<\/tr>\n<tr class=\"row-36\">\n\t<td class=\"column-1\">36<\/td><td class=\"column-2\">AKK\u00d6K, M., ARIKAN, S., BALKAN, T., DARENDEL\u0130LER, H., G\u00d6KLER, M.\u0130., KAFTANO\u011eLU, B., (Editors),\u201cInter. Conf. on Design and Production of Dies and Molds\u201d, ISBN 975-429-106-3, \u0130stanbul, June 19-24, 1997.<\/td>\n<\/tr>\n<tr class=\"row-37\">\n\t<td class=\"column-1\">37<\/td><td class=\"column-2\">KILKI\u015e, B., AKK\u00d6K, M., YILDIRIM, O., \u201cPotential Uses of Surface Effect Vehicles in Armoured Ground Forces of the Next Millennium\u201d, Tanklara Gelecekteki Y\u00f6nelik Yeni Tehditler ve 2000\u2019li Y\u0131llar\u0131n Modern Tanklar Sempozyumu, Zh. Brl. Ok. ve E\u011ft. T\u00fcmen Komutanl\u0131\u011f\u0131, 3-4 Haziran 1999.<\/td>\n<\/tr>\n<tr class=\"row-38\">\n\t<td class=\"column-1\">38<\/td><td class=\"column-2\">AKK\u00d6K, M., \u201cThe Effect of Cavitation Condition on Dynamically Loaded Journal Bearings\u201d, Inter. Conference on Lubrication Techniques, Oct. 27-28, 1999, \u0130stanbul.<\/td>\n<\/tr>\n<tr class=\"row-39\">\n\t<td class=\"column-1\">39<\/td><td class=\"column-2\">\u00c7ET\u0130NER, B., ERALP, C., AKK\u00d6K, M., \u201cComputer Aided Simulation and Performance Analysis of Screw Compressors\u201d, 1st National Hydraulic and Pneumatic Conference and Exhibition, Dec. 3-5, 1999, \u0130zmir, (in Turkish).<\/td>\n<\/tr>\n<tr class=\"row-40\">\n\t<td class=\"column-1\">40<\/td><td class=\"column-2\">\u00dcNL\u00dcSOY, S.Y., AKK\u00d6K, M., \u201cMotorlu Ta\u015f\u0131tlarda Kavrama Dinami\u011finin \u0130ncelenmesi\u201d, Makina Tasar\u0131m ve \u0130malat Dergisi, C.4, Say\u0131:1,  May\u0131s 2001, p.47-55.<\/td>\n<\/tr>\n<tr class=\"row-41\">\n\t<td class=\"column-1\">41<\/td><td class=\"column-2\">Akk\u00f6k, M., \"Analysis of Automotive Clutch Engagement\", Journal of Mechanical Design and Production, V.4, No.1, pp. 47-55, 2001.<\/td>\n<\/tr>\n<tr class=\"row-42\">\n\t<td class=\"column-1\">42<\/td><td class=\"column-2\">Akk\u00f6k, M., \u201cAnalysis of Leakage in Lip Type Seals\u201d, 2nd National Hydraulic and Pneumatic Conference, Nov. 8-11, 2001, \u0130zmir, (in Turkish).<\/td>\n<\/tr>\n<tr class=\"row-43\">\n\t<td class=\"column-1\">43<\/td><td class=\"column-2\">Akk\u00f6k, M. \u201cEngineering Tribology\u201d Book Review, Journal of Mechanical Design and Production, V. 4, No. 2, Nov. 2001, pp.117-118, (in Turkish).<\/td>\n<\/tr>\n<tr class=\"row-44\">\n\t<td class=\"column-1\">44<\/td><td class=\"column-2\">AKK\u00d6K, M., \u201cDudakl\u0131 S\u0131zd\u0131rmazl\u0131k Elemanlar\u0131nda S\u0131zd\u0131rmazl\u0131k Analizi\u201d 2. Ulusal Hidrolik Pn\u00f6matik Kongre ve Sergisi, 8-11 Kas\u0131m 2001, \u0130zmir.<\/td>\n<\/tr>\n<tr class=\"row-45\">\n\t<td class=\"column-1\">45<\/td><td class=\"column-2\">AKK\u00d6K, M. \u201cEngineering Tribology\u201d Kitap de\u011ferlendirme, Makina Tasar\u0131m ve \u0130malat Dregisi, C.4, Say\u0131:2,  Kas\u0131m 2001, p.117-118.<\/td>\n<\/tr>\n<tr class=\"row-46\">\n\t<td class=\"column-1\">46<\/td><td class=\"column-2\">ERDEN, A., AKK\u00d6K, M. TANER, \u0130.E. \u201cDevelopment of a Knowledge Based System and a Comparative Study on the Selection of Bearings\u201d, STLE, Lubrication Eng. V.57, No.6, June 2001, p.7-15.<\/td>\n<\/tr>\n<tr class=\"row-47\">\n\t<td class=\"column-1\">47<\/td><td class=\"column-2\">AKK\u00d6K, M., ARIKAN, M.A.S., BALKAN, T., KAFTANO\u011eLU, B., (Editors), 2nd Inter. Conference and Exhibition on Design and Production of Dies and Molds, June 21-23, 2001, Ku\u015fadas\u0131, \u0130zmir. ISBN 975-429-167-5.<\/td>\n<\/tr>\n<tr class=\"row-48\">\n\t<td class=\"column-1\">48<\/td><td class=\"column-2\">Darendeliler, H., AKK\u00d6K, M., Y\u00fccesoy, C.A. \u201dEffect of Variable Friction on Sheet Metal Drawing\u201d, Tribology International, V.35, No:2, Feb. 2002, p.97-104. DOI: 10.1016\/S0301-679X(01)00099-8<\/td>\n<\/tr>\n<tr class=\"row-49\">\n\t<td class=\"column-1\">49<\/td><td class=\"column-2\">AKK\u00d6K, M., \u201cLubrication and Effect on Friction\u201d, Performans, V.1, No:1, May-June 2002, 16-18, (in Turkish).<\/td>\n<\/tr>\n<tr class=\"row-50\">\n\t<td class=\"column-1\">50<\/td><td class=\"column-2\">Kutay \u00d6ZER, Mustafa G\u00d6KLER, Metin AKK\u00d6K, \u201cT\u00fcfeklerde Geri Tepme Sisteminin Tsar\u0131m\u0131 ve Uygulanmas\u0131\u201d, K.K. E\u011fitim ve Doktrin Komutanl\u0131\u011f\u0131, Hafif Piyade Silahlar\u0131 Sempozyumu, 23-24 Aral\u0131k 2002.<\/td>\n<\/tr>\n<tr class=\"row-51\">\n\t<td class=\"column-1\">51<\/td><td class=\"column-2\">AKK\u00d6K, M., ARIKAN, M.A.S., BALKAN, T., \u201cDetermination of the Effect of Shaft Surface Roughness on Oil Leakage in Radial Lip Seals\u201d, The 11th International Conference on Machine Design and Production Conference, 783-791, 13-15 Oct. 2004, Antalya, Turkey<\/td>\n<\/tr>\n<tr class=\"row-52\">\n\t<td class=\"column-1\">52<\/td><td class=\"column-2\">AKK\u00d6K, M., ERDEN, A., KILI\u00c7, E. KONUKSEVEN,\u0130., T\u00d6N\u00dcK, S. (Editors) , The 11th International Conference on Machine Design and Production, 783-791, 13-15 Oct. 2004, Antalya, Turkey<\/td>\n<\/tr>\n<tr class=\"row-53\">\n\t<td class=\"column-1\">53<\/td><td class=\"column-2\">AKK\u00d6K, M., KAFTANO\u011eLU, B. ARIKAN, M.A.S., BALKAN, T., TAMAKI, J., KURIYAGAWA, T. (Editors) 3rd International Conference and Exhibition on Design and Production of DIES and MOLDS, June 17-19, 2004, Bursa, Turkey. 7th Joint Conference International Symposium on Advances in Abrasive Technology <\/td>\n<\/tr>\n<tr class=\"row-54\">\n\t<td class=\"column-1\">54<\/td><td class=\"column-2\">\u00d6. N. Cora, M. AKK\u00d6K, and H. Darendeliler, (2006), \u201cModification of friction coefficient in simulation of metal forming operations via user-subroutines\u201d, (in Turkish), Proceedings of MSC Software Users Conference 2006, June 1-2, 2006, \u0130stanbul, TURKEY<\/td>\n<\/tr>\n<tr class=\"row-55\">\n\t<td class=\"column-1\">55<\/td><td class=\"column-2\">Aylin KONEZ, Abd\u00fclkadir ERDEN, Metin AKK\u00d6K, \u201cPreliminary Design Analysis of Like-Grasshopper Jumping Mechanism\u201d, The 12th International Conference on Machine Design and Production, 05 - 08 September 2006, Ku\u015fadas\u0131, Turkey, p.829-844.<\/td>\n<\/tr>\n<tr class=\"row-56\">\n\t<td class=\"column-1\">56<\/td><td class=\"column-2\">AKK\u00d6K, M., E. KILI\u00c7, A. ERDEN. S. DA\u011e, M. ERDAL, \u0130. KONUKSEVEN (Editors), Conference Proceedings, The 12th International Conference on Machine Design and Production, 783-791 pages, 5-8 Sept. 2006, Ku\u015fadas\u0131, Turkey<\/td>\n<\/tr>\n<tr class=\"row-57\">\n\t<td class=\"column-1\">57<\/td><td class=\"column-2\">Taburda\u011f\u0131tan, M., AKK\u00d6K, M., \u201cDetermination of Surface Temperature Rise with Thermo-Elastic Analysis of Spur Gears\u201d, WEAR 261 (2006), p. 656\u2013665. DOI: 10.1016\/j.wear.2006.01.019<\/td>\n<\/tr>\n<tr class=\"row-58\">\n\t<td class=\"column-1\">58<\/td><td class=\"column-2\">AKK\u00d6K, M., BUDAK, E., FIRAT, M., KAFTANO\u011eLU, B., (Editors) Conference Proceedings, 4th International Conference and Exhibition on Design and Production of Machines and DIES\/MOLDS, 440 pages, June 21-23, 2007, \u0130zmir, Turkey.<\/td>\n<\/tr>\n<tr class=\"row-59\">\n\t<td class=\"column-1\">59<\/td><td class=\"column-2\">AKK\u00d6K, M., E. KILI\u00c7, A. ERDEN. S. DA\u011e, M. ERDAL, \u0130. KONUKSEVEN (Editors) , Conference Proceedings, The 13th International Conference on Machine Design and Production, 1358 pages, 3-5 Sept. 2008, \u0130stanbul, Turkey<\/td>\n<\/tr>\n<tr class=\"row-60\">\n\t<td class=\"column-1\">60<\/td><td class=\"column-2\">Aylin KONEZ, Abd\u00fclkadir ERDEN, Metin AKK\u00d6K, \u201cDevelopment of a New Artificial Muscle for a Grasshopper-Like Jumping Mechanism\u201d, The 13th International Conference on Machine Design and Production, 03 - 05 September 2008, \u0130stanbul, Turkey, p.933-940.<\/td>\n<\/tr>\n<tr class=\"row-61\">\n\t<td class=\"column-1\">61<\/td><td class=\"column-2\">Cora, \u00d6.N., AKK\u00d6K, M., Darendeliler, H., \u201cModelling of Variable Friction in Cold Forging\u201d, Proc. IMechE, Part J: J. Engineering Tribology, 2008, 222 (J7), p. 899-908, [DOI:10.1243\/13506501JET419]<\/td>\n<\/tr>\n<tr class=\"row-62\">\n\t<td class=\"column-1\">62<\/td><td class=\"column-2\">A. K. Ero\u011flu, A. Erden, and M. AKK\u00d6K, \u201dDesign and Analysis of Grasshopper-Like Jumping Leg Mechanism in Biomimetic Approach\u201d, The 11th Mechatronics Forum Biennial International Conference, Mechatronics 2008, June 23-25, University of Limerick, Ireland <\/td>\n<\/tr>\n<tr class=\"row-63\">\n\t<td class=\"column-1\">63<\/td><td class=\"column-2\">A. K. Ero\u011flu, A. Erden, and M. AKK\u00d6K, \u201cDevelopment of a New Artificial Muscle for a Grasshopper-Like Jumping Mechanism\u201d, 13th International Conference on Machine Design and Production, 3-5 Sept. 2008,  933-941, \u0130stanbul, Turkey.<\/td>\n<\/tr>\n<tr class=\"row-64\">\n\t<td class=\"column-1\">64<\/td><td class=\"column-2\">Bozkaya K., AKK\u00d6K, M., Esin A., \u201cReliability Improvement of a Solid Rocket Motor in Early Design Phases\u201d, Journal of Spacecraft and Rockets, (DOI: 10.2514\/1.39609), Vol. 46, No. 4, July\u2013August 2009. DOI: 10.2514\/1.39609<\/td>\n<\/tr>\n<tr class=\"row-65\">\n\t<td class=\"column-1\">65<\/td><td class=\"column-2\">AKK\u00d6K, M., BUDAK, E., FIRAT, M., KAFTANO\u011eLU, B., (Editors) Conference Proceedings, 5th International Conference and Exhibition on Design and Production of Machines and DIES\/MOLDS,ISBN: 978-605-60732-0-5, 334 pages, June 18-21, 2009, Ku\u015fadas\u0131, Ayd\u0131n, Turkey.<\/td>\n<\/tr>\n<tr class=\"row-66\">\n\t<td class=\"column-1\">66<\/td><td class=\"column-2\">AKK\u00d6K, M., E. KILI\u00c7, M. ERDAL, A. ERDEN. \u0130. KONUKSEVEN, O. YILDIRIM (Editors), Conference Proceedings, The 14th International Conference on Machine Design and Production, 954 pages, June 29-July2, 2010, N. Cyprus.<\/td>\n<\/tr>\n<tr class=\"row-67\">\n\t<td class=\"column-1\">67<\/td><td class=\"column-2\">Abachi S., AKK\u00d6K, M., G\u00f6kler M.\u0130., \u201cWear analysis of hot forging dies\u201d, Tribology International 43, (2010), No.1-2, 467\u2013473. DOI: 10.1016\/j.triboint.2009.07.011<\/td>\n<\/tr>\n<tr class=\"row-68\">\n\t<td class=\"column-1\">68<\/td><td class=\"column-2\">AKK\u00d6K, M., BUDAK, E., FIRAT, M., KAFTANO\u011eLU, B., (Editors) Conference Proceedings, 6th International Conference and Exhibition on Design and Production of Machines and DIES\/MOLDS, 294 pages, June 23-26, 2011, Ankara, Turkey.<\/td>\n<\/tr>\n<tr class=\"row-69\">\n\t<td class=\"column-1\">69<\/td><td class=\"column-2\">Tekin, K.S, AKK\u00d6K, M., \u201cS\u0131n\u0131r Ya\u011flama Ko\u015fullar\u0131nda \u00c7al\u0131\u015fan Yataklarda i\u00e7in A\u015f\u0131nma Test D\u00fczene\u011fi tasar\u0131m\u0131, Yap\u0131m\u0131 ve \u0130\u015f Makinalar\u0131nda Yataklar\u0131nda A\u015f\u0131nma Analizi\u201d, M\u00fchendis ve Makina, 2011, Cilt: 52, Say\u0131: 616, Sayfa: 70-79.<\/td>\n<\/tr>\n<tr class=\"row-70\">\n\t<td class=\"column-1\">70<\/td><td class=\"column-2\">AKK\u00d6K, M., C. \u00c7O\u011eUN, A. ERDEN. S. Engin KILI\u00c7, \u0130. KONUKSEVEN, (Editors), Conference Proceedings, 15th International Conference on Machine Design and Production, 1354 pages, June 19-22, 2012, Denizli, TURKEY.<\/td>\n<\/tr>\n<tr class=\"row-71\">\n\t<td class=\"column-1\">71<\/td><td class=\"column-2\">AKK\u00d6K, M., \u201cDetermination of the Load Share and  Coefficient of Friction in Mixed Lubrication Regime\u201d, 15th International Conference on Machine Design and Production, ISBN: 978-975-429-305-0, June 19-22, 2012, 1025-1035, Denizli, TURKEY<\/td>\n<\/tr>\n<tr class=\"row-72\">\n\t<td class=\"column-1\">72<\/td><td class=\"column-2\">AKK\u00d6K, M., BUDAK, E., FIRAT, M., KAFTANO\u011eLU, B., (Editors) Conference Proceedings, 7th International Conference and Exhibition on Design and Production of Machines and DIES\/MOLDS, ISBN: 978-975-6707-38-8, 294 pages, June 20-23, 2013, Antalya, Turkey.<\/td>\n<\/tr>\n<tr class=\"row-73\">\n\t<td class=\"column-1\">73<\/td><td class=\"column-2\">Metin Akk\u00f6k, B\u00fclent Acar, Emre A\u00e7maz, \u201cExperimental analysis and wear modeling for mechanical components of a typical rail launcher\u201d, WEAR, 2013, V.306, Issues 1\u20132, p.1\u20139. DOI: 10.1016\/j.wear.2013.06.008<\/td>\n<\/tr>\n<tr class=\"row-74\">\n\t<td class=\"column-1\">74<\/td><td class=\"column-2\">Tuna Balkan, Erhan \u0130lhan Konukseven, Metin Akk\u00f6k, \u201cDizel Partik\u00fcl Filtre Rejenerasyonu ve Motor Ya\u011f\u0131n\u0131n Seyrelmesi D\u0130ZEL PART\u0130K\u00dcL F\u0130LTRE REJENERASYONU VE MOTOR YA\u011eININ SEYRELMES\u0130\u201d, OTEKON\u201914, 7. Otomotiv Teknolojileri Kongresi , 26 \u2013 27 May\u0131s 2014, BURSA.<\/td>\n<\/tr>\n<tr class=\"row-75\">\n\t<td class=\"column-1\">75<\/td><td class=\"column-2\">Emre A\u00c7MAZ, B\u00fclent ACAR, Metin AKK\u00d6K, \u201cF\u00fcze Lan\u00e7er Raylar\u0131nda Olu\u015fan Mekanik A\u015f\u0131nman\u0131n Deneysel Analizi ve Modellenmesi\u201d,  SAVTEK 2014, 25-26-27 Haziran 2014, Ankara.<\/td>\n<\/tr>\n<tr class=\"row-76\">\n\t<td class=\"column-1\">76<\/td><td class=\"column-2\">AKK\u00d6K, M., A. ERDEN, E. KILI\u00c7, \u0130. KONUKSEVEN, (Editors), Conference Proceedings, The 16th International Conference on Machine Design and Production, 1426 pages (ISBN 978-975-429-332-6), June 30-July 3, 2014, \u0130zmir, Turkey.<\/td>\n<\/tr>\n<tr class=\"row-77\">\n\t<td class=\"column-1\">77<\/td><td class=\"column-2\">Koray Serdar Tekin, Metin Akk\u00f6k, \u201cS\u0131n\u0131r Ya\u011flama Ko\u015fullar\u0131nda \u00c7al\u0131\u015fan Kaymal\u0131 Yataklar \u0130\u00e7in Test D\u00fczene\u011fi Tasar\u0131m\u0131 ve \u00dcretimi\u201d, Uluslararas\u0131 Kat\u0131l\u0131ml\u0131 17. Makine Teorisi Sempozyumu, UMTS 2015, p.145-148 (ISBN: 978-605-84220-0-1), 14-17 Haziran 2015, \u0130zmir, Turkey. <\/td>\n<\/tr>\n<tr class=\"row-78\">\n\t<td class=\"column-1\">78<\/td><td class=\"column-2\">AKK\u00d6K, M., BUDAK, E., FIRAT, M., KAFTANO\u011eLU, B., (Editors) Conference Proceedings, 8th International Conference and Exhibition on Design and Production of Machines and DIES\/MOLDS, 267 pages (ISBN 978-975-6707-52-4), June 18-21, 2015, Ku\u015fadas\u0131, Ayd\u0131n, Turkey.<\/td>\n<\/tr>\n<tr class=\"row-79\">\n\t<td class=\"column-1\">79<\/td><td class=\"column-2\">BASPINAR Murat, AKK\u00d6K, Metin, \u201cModeling and Simulation of Friction in Deep Drawing\u201d, Trans. ASME, Journal of Tribology, (DOI: 10.1115\/1.4031671), April 2016, Vol. 138 \/ 021104-1-7. <\/td>\n<\/tr>\n<tr class=\"row-80\">\n\t<td class=\"column-1\">80<\/td><td class=\"column-2\">ULUER, M. Ural, \u00dcNVER, H. \u00d6zg\u00fcr, AKK\u00d6K Metin, KILI\u00c7, S. Engin, \u201cAn Investigation into Power and Energy Requirements for the Aux\u0131l\u0131ary Componentes of a CNC Lathe\u201d, Conference Proceedings, The 17th International Conference on Machine Design and Production, (ISBN 978-975-429-357-9), July 12-July 15, 2016, Bursa, Turkey.<\/td>\n<\/tr>\n<tr class=\"row-81\">\n\t<td class=\"column-1\">81<\/td><td class=\"column-2\">F\u0130DAN Tahir, KILI\u00c7, S. Engin, AKK\u00d6K Metin, \u201dAn AMF Based Multi-Color\/Multi-Material Additive Manufacturing System\u201d Conference Proceedings, The 17th International Conference on Machine Design and Production, (ISBN 978-975-429-357-9), July 12-July 15, 2016, Bursa, Turkey.<\/td>\n<\/tr>\n<tr class=\"row-82\">\n\t<td class=\"column-1\">82<\/td><td class=\"column-2\">D\u0130NDAR, Ahmet, AKK\u00d6K, Metin, \u00c7ALI\u015eKAN, Mehmet, \u201cExperimental Determination and Analytical Model of Friction Torque od a Double Row Roller Slewing Bearing\u201d, Trans. ASME, Journal of Tribology, March 2017, Vol. 139 \/ 021503-1-13.<\/td>\n<\/tr>\n<\/tbody>\n<\/table>\n<!-- #tablepress-3 from cache -->\n","protected":false},"excerpt":{"rendered":"<p>My publications<\/p>\n","protected":false},"author":5575,"featured_media":0,"parent":0,"menu_order":0,"comment_status":"closed","ping_status":"closed","template":"","meta":{"footnotes":"","_links_to":"","_links_to_target":""},"class_list":["post-14","page","type-page","status-publish","hentry"],"_links":{"self":[{"href":"https:\/\/blog.metu.edu.tr\/akkok\/wp-json\/wp\/v2\/pages\/14","targetHints":{"allow":["GET"]}}],"collection":[{"href":"https:\/\/blog.metu.edu.tr\/akkok\/wp-json\/wp\/v2\/pages"}],"about":[{"href":"https:\/\/blog.metu.edu.tr\/akkok\/wp-json\/wp\/v2\/types\/page"}],"author":[{"embeddable":true,"href":"https:\/\/blog.metu.edu.tr\/akkok\/wp-json\/wp\/v2\/users\/5575"}],"replies":[{"embeddable":true,"href":"https:\/\/blog.metu.edu.tr\/akkok\/wp-json\/wp\/v2\/comments?post=14"}],"version-history":[{"count":0,"href":"https:\/\/blog.metu.edu.tr\/akkok\/wp-json\/wp\/v2\/pages\/14\/revisions"}],"wp:attachment":[{"href":"https:\/\/blog.metu.edu.tr\/akkok\/wp-json\/wp\/v2\/media?parent=14"}],"curies":[{"name":"wp","href":"https:\/\/api.w.org\/{rel}","templated":true}]}}