{"id":21,"date":"2013-06-13T17:49:20","date_gmt":"2013-06-13T14:49:20","guid":{"rendered":"http:\/\/blog.metu.edu.tr\/akcomak\/?page_id=21"},"modified":"2013-06-13T17:49:20","modified_gmt":"2013-06-13T14:49:20","slug":"hakkimda","status":"publish","type":"page","link":"https:\/\/blog.metu.edu.tr\/akcomak\/hakkimda\/","title":{"rendered":"hakk\u0131mda"},"content":{"rendered":"<p>2001 y\u0131l\u0131nda ODT\u00dc \u0130ktisat B\u00f6l\u00fcm\u00fc&#8217;nden mezun oldum. O zamandan beri akademik d\u00fcnyada mahsur kalm\u0131\u015f durumday\u0131m. Asl\u0131nda d\u0131\u015far\u0131daki hayat\u0131 merak etmiyor de\u011filim ancak \u015fu an i\u00e7in keyifler yerinde. Yine ayn\u0131 b\u00f6l\u00fcmde y\u00fcksek lisans\u0131m\u0131 tamamlad\u0131ktan sonra, Hollanda&#8217;da akademik \u00e7al\u0131\u015fmalara devam ettim. 2009&#8217;da UNU-MERIT, Maastricht \u00dcniversitesi&#8217;nden doktora derecesini ald\u0131ktan sonra hem UNU-MERIT hem de CPB Hollanda Planlama Te\u015fkilat\u0131&#8217;nda (asl\u0131nda devletin bir ara\u015ft\u0131rma merkezi, ad\u0131 yan\u0131ltmas\u0131n) bir s\u00fcre \u00e7al\u0131\u015ft\u0131ktan sonra yurda d\u00f6n\u00fc\u015f yapt\u0131m. \u015eu anda Bilim ve Teknoloji Politikas\u0131 \u00c7al\u0131\u015fmalar\u0131 Ana Bilim Dal\u0131nda (ODT\u00dc-TEKPOL) \u00f6\u011fretim \u00fcyesi olarak yazmaya \u00e7izmeye devam etmekteyim.<\/p>\n<p>Akademi d\u0131\u015f\u0131 yaz\u0131 \u00e7izi i\u015flerine ne zaman ba\u015flad\u0131m tam hat\u0131rlayam\u0131yorum. Muhtemelen 2006 civar\u0131nda Bilgi \u00c7a\u011f\u0131 dergisinde yazmaya ba\u015flad\u0131m. O g\u00fcnden bu g\u00fcne daha ba\u015fka yerlere de yaz\u0131 yazd\u0131\u011f\u0131m oldu. Son d\u00f6nemde blog ve politika blogu edit\u00f6r s\u00fcrecinin gittik\u00e7e eski us\u00fcl bas\u0131l\u0131 medyadaki edit\u00f6ryel s\u00fcrece benzendi\u011fini g\u00f6steriyorum. Edit\u00f6r pe\u015finde ko\u015fmaktan yoruldum diyebilirim. Bu blog asl\u0131nda bu nedenle do\u011fdu. \u0130lk elden \u00e7\u0131km\u0131\u015f yaz\u0131lar ve baz\u0131 eski yaz\u0131lar\u0131m\u0131 tek bir yere toplamak istedim. Genelde inovasyon, Ar-Ge, b\u00fcy\u00fcme gibi konularda yaz\u0131yorum ancak \u00e7ok farkl\u0131 alanlarda da yazd\u0131\u011f\u0131m oluyor. Can\u0131m istedi\u011fim zaman yazan biriyim. Beni d\u00fc\u015f\u00fcnd\u00fcren, can\u0131m\u0131 s\u0131kan ve beni sinirlendiren \u015feyleri merak ediyorsan\u0131z takipte kal\u0131n.<\/p>\n","protected":false},"excerpt":{"rendered":"<p>2001 y\u0131l\u0131nda ODT\u00dc \u0130ktisat B\u00f6l\u00fcm\u00fc&#8217;nden mezun oldum. O zamandan beri akademik d\u00fcnyada mahsur kalm\u0131\u015f durumday\u0131m. Asl\u0131nda d\u0131\u015far\u0131daki hayat\u0131 merak etmiyor de\u011filim ancak \u015fu an i\u00e7in keyifler yerinde. Yine ayn\u0131 b\u00f6l\u00fcmde y\u00fcksek lisans\u0131m\u0131 tamamlad\u0131ktan sonra, Hollanda&#8217;da akademik \u00e7al\u0131\u015fmalara devam ettim. 2009&#8217;da UNU-MERIT, Maastricht \u00dcniversitesi&#8217;nden doktora derecesini ald\u0131ktan sonra hem UNU-MERIT hem de CPB Hollanda Planlama Te\u015fkilat\u0131&#8217;nda [&hellip;]<\/p>\n","protected":false},"author":1493,"featured_media":0,"parent":0,"menu_order":0,"comment_status":"open","ping_status":"open","template":"","meta":{"footnotes":"","_links_to":"","_links_to_target":""},"class_list":["post-21","page","type-page","status-publish","hentry"],"_links":{"self":[{"href":"https:\/\/blog.metu.edu.tr\/akcomak\/wp-json\/wp\/v2\/pages\/21","targetHints":{"allow":["GET"]}}],"collection":[{"href":"https:\/\/blog.metu.edu.tr\/akcomak\/wp-json\/wp\/v2\/pages"}],"about":[{"href":"https:\/\/blog.metu.edu.tr\/akcomak\/wp-json\/wp\/v2\/types\/page"}],"author":[{"embeddable":true,"href":"https:\/\/blog.metu.edu.tr\/akcomak\/wp-json\/wp\/v2\/users\/1493"}],"replies":[{"embeddable":true,"href":"https:\/\/blog.metu.edu.tr\/akcomak\/wp-json\/wp\/v2\/comments?post=21"}],"version-history":[{"count":0,"href":"https:\/\/blog.metu.edu.tr\/akcomak\/wp-json\/wp\/v2\/pages\/21\/revisions"}],"wp:attachment":[{"href":"https:\/\/blog.metu.edu.tr\/akcomak\/wp-json\/wp\/v2\/media?parent=21"}],"curies":[{"name":"wp","href":"https:\/\/api.w.org\/{rel}","templated":true}]}}