{"id":20,"date":"2013-06-13T17:47:49","date_gmt":"2013-06-13T14:47:49","guid":{"rendered":"http:\/\/blog.metu.edu.tr\/akcomak\/?page_id=20"},"modified":"2013-06-13T17:51:20","modified_gmt":"2013-06-13T14:51:20","slug":"about-me-2","status":"publish","type":"page","link":"https:\/\/blog.metu.edu.tr\/akcomak\/about-me-2\/","title":{"rendered":"about me"},"content":{"rendered":"<p>I graduated from Department of Economics, Middle East Technical University in 2001. Since then I am trapped in academia. One day I&#8217;d like to try the outside world but not now. I have a master degree from METU and a PhD from UNU-MERIT of Maastricht University. After working at UNU&#8211;MERIT and CPB Netherlands Bureau for Economic Policy Analysis I got a &#8220;home sweet home&#8221; feeling and got back to METU. Now I am working at Department of Science and Technology Policy Studies (METU-TEKPOL).<\/p>\n<p>I actually do not remember when I started to produce non academic material. It should be sometime in 2006 when I started writing for Bilgi \u00c7a\u011f\u0131. I still write for Bilgi \u00c7a\u011f\u0131 and some other places but I felt recently that I should start putting all materials together. I am a bit tired of running after the editors of independent blogs and policy blogs. I am a bit frustrated to observe that editorial process of policy blogs are increasingly resembling the old style print media. So I though I better have my own blog. You can find some of my old writings and some of my new ones in various topics but mostly on innovation, R&amp;D, growth etc. I write whenever I felt writing. This is my way to relax. If you want to know more about things that make me think, laugh and furious keep on following me.<\/p>\n","protected":false},"excerpt":{"rendered":"<p>I graduated from Department of Economics, Middle East Technical University in 2001. Since then I am trapped in academia. One day I&#8217;d like to try the outside world but not now. I have a master degree from METU and a PhD from UNU-MERIT of Maastricht University. After working at UNU&#8211;MERIT and CPB Netherlands Bureau for [&hellip;]<\/p>\n","protected":false},"author":1493,"featured_media":0,"parent":0,"menu_order":0,"comment_status":"open","ping_status":"open","template":"","meta":{"footnotes":"","_links_to":"","_links_to_target":""},"class_list":["post-20","page","type-page","status-publish","hentry"],"_links":{"self":[{"href":"https:\/\/blog.metu.edu.tr\/akcomak\/wp-json\/wp\/v2\/pages\/20","targetHints":{"allow":["GET"]}}],"collection":[{"href":"https:\/\/blog.metu.edu.tr\/akcomak\/wp-json\/wp\/v2\/pages"}],"about":[{"href":"https:\/\/blog.metu.edu.tr\/akcomak\/wp-json\/wp\/v2\/types\/page"}],"author":[{"embeddable":true,"href":"https:\/\/blog.metu.edu.tr\/akcomak\/wp-json\/wp\/v2\/users\/1493"}],"replies":[{"embeddable":true,"href":"https:\/\/blog.metu.edu.tr\/akcomak\/wp-json\/wp\/v2\/comments?post=20"}],"version-history":[{"count":0,"href":"https:\/\/blog.metu.edu.tr\/akcomak\/wp-json\/wp\/v2\/pages\/20\/revisions"}],"wp:attachment":[{"href":"https:\/\/blog.metu.edu.tr\/akcomak\/wp-json\/wp\/v2\/media?parent=20"}],"curies":[{"name":"wp","href":"https:\/\/api.w.org\/{rel}","templated":true}]}}