{"id":10,"date":"2014-04-05T08:58:24","date_gmt":"2014-04-05T08:58:24","guid":{"rendered":"http:\/\/blog.metu.edu.tr\/aaskan\/?page_id=10"},"modified":"2021-09-09T06:59:23","modified_gmt":"2021-09-09T06:59:23","slug":"students","status":"publish","type":"page","link":"https:\/\/blog.metu.edu.tr\/aaskan\/students\/","title":{"rendered":"Students"},"content":{"rendered":"<p><strong>Current Students and Postdoctoral Researchers<\/strong><\/p>\n<p>Fatma Nurten Sisman (PhD- co advised with Prof. Murat Dicleli) &#8220;Ground Motion Modeling in Large Basins&#8221;<\/p>\n<p>Bar\u0131\u015f \u00dcnal (PhD-co advised with Prof. M. Altug Erberik) &#8220;An Assessment Framework for Multi Hazard Effects on Special Structures&#8221;<\/p>\n<p>Aylin \u00c7elik (PhD- co advised with Assoc. Prof. Meltem \u015eenol Balaban) &#8220;Indicators of Seismic Resilience and Extensions to Urban Risk Mitigation&#8221;<\/p>\n<p>Fatih \u00c7anak\u00e7\u0131 (MSc- co advised with Assoc. Prof. Ozan Cem \u00c7elik) &#8220;Assessment of an Instrumented Tall Building Using Real and Simulated Earthquake Records&#8221;<\/p>\n<p>Gamze Murato\u011flu (MSc) &#8220;Ground Motion Simulations with Alternative Site Amplification Models&#8221;<\/p>\n<p>Caner Temiz (MSc) &#8220;Seismic Performance Assessment of Historic Structures&#8221;<\/p>\n<p>Or\u00e7un \u00d6zdemir (MSc) &#8220;Integrated Earthquake Simulations in Urban Regions&#8221;<\/p>\n<p>Ahmad Saadi (MSc- co advised with Prof M. Altug Erberik) &#8220;A Computational Framework for Seismic Reliability of Masonry Structures&#8221;<\/p>\n<p>Yi\u011fit Urhan (MSc) &#8220;Comparison of Alternative Ground Motion Simulation Approaches Against the Ground Motion Data from Recent Earthquakes in Turkey&#8221;<\/p>\n<p>Abdullah Alt\u0131ndal (MSc) &#8220;Construction and Validation of a Simulated Ground Motion Database for Turkey&#8221;<\/p>\n<p><strong>Former Students\u00a0and Postdoctoral Researchers<\/strong><\/p>\n<p>Engin Keskin (MSc, April 2020, co advised with Prof M. Altug Erberik) &#8220;Effect of Vertical Ground Motion on the Performance of High-Rise Buildings&#8221;<\/p>\n<p>Seda \u00d6zt\u00fcrk (MSc, December 2019, co-advised with Prof El\u00e7in Kentel) &#8220;Relationships Between Felt Intensity and Peak Ground Motion Parameters using Alternative Techniques&#8221;<\/p>\n<p>Ahmet Bahad\u0131r Ko\u00e7 (MSc, June 2019, co advised with Prof Altug Erberik) &#8220;Seismic Performance of Masonry Buildings Subjected to Synthetic Ground Motions&#8221;<\/p>\n<p>Ekin \u00d6zl\u00fc (MSc, January 2019- co advised with Prof. Sevtap Kestel) &#8220;Broadband Ground Motion Simulations on North Anatolian Fault Zone&#8221;<\/p>\n<p>Kader G\u00fcr (MSc, October 2018- co advised with Asst. Prof. Ozkan Kale) &#8220;Ground Motion Prediction Equations Based on Simulated Ground Motions&#8221;<\/p>\n<p>Shaghayegh Karimzadeh Naghshineh (Postdoc, 2016-2018) &#8220;Broadband Ground Motion Modeling and Integrated Earthquake Simulations in Marmara Region&#8221;.<\/p>\n<p>Tun\u00e7 G\u00f6kdemir (MSc- May 2017- co advised with Alp Caner) &#8220;Multi-support Seismic Excitation of Long Span Highway Bridges&#8221;.<\/p>\n<p>Aida Azari Sisi (PhD, May 2016- co advised with Altug Erberik) &#8220;Derivation of Site-Specific UHS based on Simulated Ground Motions and its Parametric Effects on Building Fragility&#8221;.<\/p>\n<p>Shaghayegh Karimzadeh Naghshineh (PhD, March 2016) &#8220;Use of Simulated Ground Motion Records in Earthquake Engineering Applications&#8221;<\/p>\n<p>Bar\u0131\u015f \u00dcnal (MSc, December 2015- co advised with Sevtap Kestel) &#8220;Ground Motion Simulations based on Regional Input Parameters and Their Impact on Insurance Premiums: \u00a0Bursa Case&#8221;.<\/p>\n<p>Gizem Mestav (MSc, December 2014) &#8220;Comparison of Mean Site-specific Response Spectra in Turkey with the Design Spectra of\u00a0AASHTO &#8220;.<\/p>\n<p>Ceren Demirci (MSc, May 2014- co advised with Altug Erberik) &#8220;An Approach for Seismic Damage Assessment of Residential Buildings&#8221;.<\/p>\n<p>Gizem Can (MSc, April 2014) &#8220;Numerical Modeling of the 3 February 2002 \u00c7ay Earthquake: Ground Motion Simulation and Intensity Distribution &#8220;.<\/p>\n<p>Mustafa Bilal (MSc, January 2013) &#8220;Relationships between Felt Intensity and Instrumental Ground Motion Parameters for Turkey&#8221;.<\/p>\n<p>Fatma Nurten Sisman (MSc, January 2013- co advised with Arda \u00d6zacar) &#8220;Estimation of Dynamic Soil Properties and Soil Amplification Ratios with Alternative Techniques&#8221;.<\/p>\n<p>Gabriele Ameri (Postdoc, Fall 2011 and Spring 2012) &#8220;Broadband Ground Motion Simulation of \u00a0the 23 October 2011 Van earthquake with the Hybrid-Integral-Composite (HIC) Method&#8221;.<\/p>\n<p>Elif Muge Un (MSc, July 2011- co advised with Altug Erberik) &#8220;An Integrated Seismic Loss Estimation Methodology: A Case Study in Northwestern Turkey&#8221;.<\/p>\n<p>Beliz Ugurhan (MSc, September 2010) &#8220;Stochastic Strong Ground Motion Simulations on North Alatolian Fault Zone and Central Italy: Validation, Limitation and Sensitivity Analyses&#8221;.<\/p>\n\n\n<p><\/p>\n","protected":false},"excerpt":{"rendered":"<p>Current Students and Postdoctoral Researchers Fatma Nurten Sisman (PhD- co advised with Prof. Murat Dicleli) &#8220;Ground Motion Modeling in Large Basins&#8221; Bar\u0131\u015f \u00dcnal (PhD-co advised with Prof. M. Altug Erberik) &#8220;An Assessment Framework for Multi Hazard Effects on Special Structures&#8221; Aylin \u00c7elik (PhD- co advised with Assoc. Prof. Meltem \u015eenol &#8230;<\/p>\n","protected":false},"author":1105,"featured_media":0,"parent":0,"menu_order":3,"comment_status":"closed","ping_status":"closed","template":"","meta":{"footnotes":"","_links_to":"","_links_to_target":""},"class_list":["post-10","page","type-page","status-publish","hentry","column","twocol"],"_links":{"self":[{"href":"https:\/\/blog.metu.edu.tr\/aaskan\/wp-json\/wp\/v2\/pages\/10","targetHints":{"allow":["GET"]}}],"collection":[{"href":"https:\/\/blog.metu.edu.tr\/aaskan\/wp-json\/wp\/v2\/pages"}],"about":[{"href":"https:\/\/blog.metu.edu.tr\/aaskan\/wp-json\/wp\/v2\/types\/page"}],"author":[{"embeddable":true,"href":"https:\/\/blog.metu.edu.tr\/aaskan\/wp-json\/wp\/v2\/users\/1105"}],"replies":[{"embeddable":true,"href":"https:\/\/blog.metu.edu.tr\/aaskan\/wp-json\/wp\/v2\/comments?post=10"}],"version-history":[{"count":0,"href":"https:\/\/blog.metu.edu.tr\/aaskan\/wp-json\/wp\/v2\/pages\/10\/revisions"}],"wp:attachment":[{"href":"https:\/\/blog.metu.edu.tr\/aaskan\/wp-json\/wp\/v2\/media?parent=10"}],"curies":[{"name":"wp","href":"https:\/\/api.w.org\/{rel}","templated":true}]}}